{"id":319,"date":"2023-10-20T02:18:57","date_gmt":"2023-10-20T00:18:57","guid":{"rendered":"https:\/\/lab.germinalbrandonlove.com\/olimpiadas\/?page_id=319"},"modified":"2023-11-10T09:54:38","modified_gmt":"2023-11-10T08:54:38","slug":"buscador","status":"publish","type":"page","link":"https:\/\/olimpiadasrm.fseneca.es\/?page_id=319","title":{"rendered":"Buscador"},"content":{"rendered":"\t\t<div data-elementor-type=\"wp-page\" data-elementor-id=\"319\" class=\"elementor elementor-319\" data-elementor-post-type=\"page\">\n\t\t\t\t\t\t<section class=\"elementor-section elementor-top-section elementor-element elementor-element-1bd27b5 elementor-section-boxed elementor-section-height-default elementor-section-height-default\" data-id=\"1bd27b5\" data-element_type=\"section\">\n\t\t\t\t\t\t<div class=\"elementor-container elementor-column-gap-default\">\n\t\t\t\t\t<div class=\"elementor-column elementor-col-25 elementor-top-column elementor-element elementor-element-82882e5 wrapper-filter-sec\" data-id=\"82882e5\" data-element_type=\"column\">\n\t\t\t<div class=\"elementor-widget-wrap elementor-element-populated\">\n\t\t\t\t\t\t<div class=\"elementor-element elementor-element-31f9a66 elementor-widget elementor-widget-image\" data-id=\"31f9a66\" data-element_type=\"widget\" data-widget_type=\"image.default\">\n\t\t\t\t<div class=\"elementor-widget-container\">\n\t\t\t\t\t\t\t\t\t\t\t\t\t<img decoding=\"async\" width=\"197\" height=\"166\" src=\"https:\/\/olimpiadasrm.fseneca.es\/wp-content\/uploads\/ciencias-icon.svg\" class=\"attachment-large size-large wp-image-35\" alt=\"\" \/>\t\t\t\t\t\t\t\t\t\t\t\t\t<\/div>\n\t\t\t\t<\/div>\n\t\t\t\t<div class=\"elementor-element elementor-element-c05e7f6 category-filter elementor-widget elementor-widget-heading\" data-id=\"c05e7f6\" data-element_type=\"widget\" data-cat=\"9\" data-widget_type=\"heading.default\">\n\t\t\t\t<div class=\"elementor-widget-container\">\n\t\t\t<h2 class=\"elementor-heading-title elementor-size-default\">Ciencias experimentales<\/h2>\t\t<\/div>\n\t\t\t\t<\/div>\n\t\t\t\t\t<\/div>\n\t\t<\/div>\n\t\t\t\t<div class=\"elementor-column elementor-col-25 elementor-top-column elementor-element elementor-element-cc3c974 wrapper-filter-sec\" data-id=\"cc3c974\" data-element_type=\"column\">\n\t\t\t<div class=\"elementor-widget-wrap elementor-element-populated\">\n\t\t\t\t\t\t<div class=\"elementor-element elementor-element-ac6af4a elementor-widget elementor-widget-image\" data-id=\"ac6af4a\" data-element_type=\"widget\" data-widget_type=\"image.default\">\n\t\t\t\t<div class=\"elementor-widget-container\">\n\t\t\t\t\t\t\t\t\t\t\t\t\t<img decoding=\"async\" width=\"182\" height=\"143\" src=\"https:\/\/olimpiadasrm.fseneca.es\/wp-content\/uploads\/sociales-icon.svg\" class=\"attachment-large size-large wp-image-37\" alt=\"\" \/>\t\t\t\t\t\t\t\t\t\t\t\t\t<\/div>\n\t\t\t\t<\/div>\n\t\t\t\t<div class=\"elementor-element elementor-element-8a6dea2 category-filter elementor-widget elementor-widget-heading\" data-id=\"8a6dea2\" data-element_type=\"widget\" data-cat=\"10\" data-widget_type=\"heading.default\">\n\t\t\t\t<div class=\"elementor-widget-container\">\n\t\t\t<h2 class=\"elementor-heading-title elementor-size-default\">Ciencias sociales, jur\u00eddicas y humanidades<\/h2>\t\t<\/div>\n\t\t\t\t<\/div>\n\t\t\t\t\t<\/div>\n\t\t<\/div>\n\t\t\t\t<div class=\"elementor-column elementor-col-25 elementor-top-column elementor-element elementor-element-df61b93 wrapper-filter-sec\" data-id=\"df61b93\" data-element_type=\"column\">\n\t\t\t<div class=\"elementor-widget-wrap elementor-element-populated\">\n\t\t\t\t\t\t<div class=\"elementor-element elementor-element-d43be7d elementor-widget elementor-widget-image\" data-id=\"d43be7d\" data-element_type=\"widget\" data-widget_type=\"image.default\">\n\t\t\t\t<div class=\"elementor-widget-container\">\n\t\t\t\t\t\t\t\t\t\t\t\t\t<img decoding=\"async\" width=\"187\" height=\"134\" src=\"https:\/\/olimpiadasrm.fseneca.es\/wp-content\/uploads\/ingenieria-icon.svg\" class=\"attachment-large size-large wp-image-36\" alt=\"\" \/>\t\t\t\t\t\t\t\t\t\t\t\t\t<\/div>\n\t\t\t\t<\/div>\n\t\t\t\t<div class=\"elementor-element elementor-element-4fe53d7 category-filter elementor-widget elementor-widget-heading\" data-id=\"4fe53d7\" data-element_type=\"widget\" data-cat=\"11\" data-widget_type=\"heading.default\">\n\t\t\t\t<div class=\"elementor-widget-container\">\n\t\t\t<h2 class=\"elementor-heading-title elementor-size-default\">INGENIER\u00cdAS Y ARQUITECTURA<\/h2>\t\t<\/div>\n\t\t\t\t<\/div>\n\t\t\t\t\t<\/div>\n\t\t<\/div>\n\t\t\t\t<div class=\"elementor-column elementor-col-25 elementor-top-column elementor-element elementor-element-9c906f2 wrapper-filter-sec\" data-id=\"9c906f2\" data-element_type=\"column\">\n\t\t\t<div class=\"elementor-widget-wrap elementor-element-populated\">\n\t\t\t\t\t\t<div class=\"elementor-element elementor-element-e590e0e elementor-widget elementor-widget-image\" data-id=\"e590e0e\" data-element_type=\"widget\" data-widget_type=\"image.default\">\n\t\t\t\t<div class=\"elementor-widget-container\">\n\t\t\t\t\t\t\t\t\t\t\t\t\t<img loading=\"lazy\" decoding=\"async\" width=\"173\" height=\"144\" src=\"https:\/\/olimpiadasrm.fseneca.es\/wp-content\/uploads\/talento-icon.svg\" class=\"attachment-large size-large wp-image-38\" alt=\"\" \/>\t\t\t\t\t\t\t\t\t\t\t\t\t<\/div>\n\t\t\t\t<\/div>\n\t\t\t\t<div class=\"elementor-element elementor-element-628e49d category-filter elementor-widget elementor-widget-heading\" data-id=\"628e49d\" data-element_type=\"widget\" data-cat=\"12\" data-widget_type=\"heading.default\">\n\t\t\t\t<div class=\"elementor-widget-container\">\n\t\t\t<h2 class=\"elementor-heading-title elementor-size-default\">Talento innovador<\/h2>\t\t<\/div>\n\t\t\t\t<\/div>\n\t\t\t\t\t<\/div>\n\t\t<\/div>\n\t\t\t\t\t<\/div>\n\t\t<\/section>\n\t\t\t\t<section class=\"elementor-section elementor-top-section elementor-element elementor-element-9cc0e41 elementor-section-boxed elementor-section-height-default elementor-section-height-default\" data-id=\"9cc0e41\" data-element_type=\"section\" data-settings=\"{&quot;background_background&quot;:&quot;classic&quot;}\">\n\t\t\t\t\t\t<div class=\"elementor-container elementor-column-gap-no\">\n\t\t\t\t\t<div class=\"elementor-column elementor-col-100 elementor-top-column elementor-element elementor-element-0254289\" data-id=\"0254289\" data-element_type=\"column\">\n\t\t\t<div class=\"elementor-widget-wrap elementor-element-populated\">\n\t\t\t\t\t\t<div class=\"elementor-element elementor-element-5e582c7 elementor-widget elementor-widget-shortcode\" data-id=\"5e582c7\" data-element_type=\"widget\" data-widget_type=\"shortcode.default\">\n\t\t\t\t<div class=\"elementor-widget-container\">\n\t\t\t\t\t<div class=\"elementor-shortcode\"><div class=\"box-nav-olimpiadas\"><div class=\"button-prev\"><svg version=\"1.1\" xmlns=\"http:\/\/www.w3.org\/2000\/svg\" xmlns:xlink=\"http:\/\/www.w3.org\/1999\/xlink\" x=\"0px\" y=\"0px\" viewBox=\"0 0 27.85 92.49\" style=\"enable-background:new 0 0 27.85 92.49;\" xml:space=\"preserve\"><style type=\"text\/css\">.st0pre{fill:none;stroke:#000000;stroke-miterlimit:10;}<\/style><defs><\/defs><polyline class=\"st0pre\" points=\"27.42,92.23 0.5,46.57 0.5,45.92 27.42,0.25 \"\/><\/svg><\/div><div class=\"current-year\" data-year=\"2025\">2025<\/div><div class=\"button-next\"><svg version=\"1.1\" xmlns=\"http:\/\/www.w3.org\/2000\/svg\" xmlns:xlink=\"http:\/\/www.w3.org\/1999\/xlink\" x=\"0px\" y=\"0px\" viewBox=\"0 0 27.85 92.49\" style=\"enable-background:new 0 0 27.85 92.49;\" xml:space=\"preserve\"><style type=\"text\/css\">.st0ne{fill:none;stroke:#000000;stroke-miterlimit:10;}<\/style><defs><\/defs><polyline class=\"st0ne\" points=\"0.43,0.25 27.35,45.92 27.35,46.57 0.43,92.23 \"\/><\/svg><\/div><\/div><div class=\"wrapper-list-olimpidas\"><h3 style=\"background:#00b55f;\">\u00c1rea: Ciencias Experimentales<\/h3><div class=\"wrapper-list-olimpidas\"><div class=\"olimpiada-item\" data-id=\"5549\">\n                        <div class=\"olimpiada-name\" style=\"color:#00b55f;\">LXI Olimpiada Matem\u00e1tica Espa\u00f1ola (Bachillerato)<\/div>\n                        <div class=\"box-item\">\n                            <a href=\"https:\/\/olimpiadasrm.fseneca.es\/?olimpiadas=lxi-olimpiada-matematica-espanola-bachillerato\" class=\"botton-ficha\">Ver ficha<\/a>\n                        <\/div>\n                    <\/div><div class=\"olimpiada-item\" data-id=\"5550\">\n                        <div class=\"olimpiada-name\" style=\"color:#00b55f;\">XXXV Olimpiada Matem\u00e1tica de la Regi\u00f3n de Murcia (6\u00ba de primaria y 2\u00ba de ESO)<\/div>\n                        <div class=\"box-item\">\n                            <a href=\"https:\/\/olimpiadasrm.fseneca.es\/?olimpiadas=xxxv-olimpiada-matematica-de-la-region-de-murcia-6o-de-primaria-y-2o-de-eso\" class=\"botton-ficha\">Ver ficha<\/a>\n                        <\/div>\n                    <\/div><div class=\"olimpiada-item\" data-id=\"5541\">\n                        <div class=\"olimpiada-name\" style=\"color:#00b55f;\">XXX Olimpiada de Qu\u00edmica de la Regi\u00f3n de Murcia 2025<\/div>\n                        <div class=\"box-item\">\n                            <a href=\"https:\/\/olimpiadasrm.fseneca.es\/?olimpiadas=xxx-olimpiada-de-quimica-de-la-region-de-murcia-2025\" class=\"botton-ficha\">Ver ficha<\/a>\n                        <\/div>\n                    <\/div><div class=\"olimpiada-item\" data-id=\"5533\">\n                        <div class=\"olimpiada-name\" style=\"color:#00b55f;\">Olimpiada de F\u00edsica de la Regi\u00f3n de Murcia 2025<\/div>\n                        <div class=\"box-item\">\n                            <a href=\"https:\/\/olimpiadasrm.fseneca.es\/?olimpiadas=olimpiada-de-fisica-de-la-region-de-murcia-2025\" class=\"botton-ficha\">Ver ficha<\/a>\n                        <\/div>\n                    <\/div><div class=\"olimpiada-item\" data-id=\"5535\">\n                        <div class=\"olimpiada-name\" style=\"color:#00b55f;\">XIX Olimpiada Regional de Biolog\u00eda<\/div>\n                        <div class=\"box-item\">\n                            <a href=\"https:\/\/olimpiadasrm.fseneca.es\/?olimpiadas=xix-olimpiada-regional-de-biologia\" class=\"botton-ficha\">Ver ficha<\/a>\n                        <\/div>\n                    <\/div><div class=\"olimpiada-item\" data-id=\"5552\">\n                        <div class=\"olimpiada-name\" style=\"color:#00b55f;\">XVI Olimpiada de Geolog\u00eda de la Regi\u00f3n de Murcia<\/div>\n                        <div class=\"box-item\">\n                            <a href=\"https:\/\/olimpiadasrm.fseneca.es\/?olimpiadas=xvi-olimpiada-de-geologia-de-la-region-de-murcia\" class=\"botton-ficha\">Ver ficha<\/a>\n                        <\/div>\n                    <\/div><div class=\"olimpiada-item\" data-id=\"5546\">\n                        <div class=\"olimpiada-name\" style=\"color:#00b55f;\">Olimpiadas Cient\u00edficas Ciencias de la Salud UCAM 2025<\/div>\n                        <div class=\"box-item\">\n                            <a href=\"https:\/\/olimpiadasrm.fseneca.es\/?olimpiadas=olimpiadas-cientificas-ciencias-de-la-salud-ucam-2025\" class=\"botton-ficha\">Ver ficha<\/a>\n                        <\/div>\n                    <\/div><div class=\"olimpiada-item\" data-id=\"5544\">\n                        <div class=\"olimpiada-name\" style=\"color:#00b55f;\">\u00abFirst data\u00bb Tercer Concurso de Estad\u00edstica de la Regi\u00f3n de Murcia<\/div>\n                        <div class=\"box-item\">\n                            <a href=\"https:\/\/olimpiadasrm.fseneca.es\/?olimpiadas=first-data-tercer-concurso-de-estadistica-de-la-region-de-murcia\" class=\"botton-ficha\">Ver ficha<\/a>\n                        <\/div>\n                    <\/div><\/div><h3 style=\"background:#ffd02c;\">\u00c1rea: Ciencias Sociales, Jur\u00eddicas y Humanidades<\/h3><div class=\"wrapper-list-olimpidas\"><div class=\"olimpiada-item\" data-id=\"5538\">\n                        <div class=\"olimpiada-name\" style=\"color:#ffd02c;\">XI Olimpiada Filos\u00f3fica de la Regi\u00f3n de Murcia.<\/div>\n                        <div class=\"box-item\">\n                            <a href=\"https:\/\/olimpiadasrm.fseneca.es\/?olimpiadas=xi-olimpiada-filosofica-de-la-region-de-murcia\" class=\"botton-ficha\">Ver ficha<\/a>\n                        <\/div>\n                    <\/div><div class=\"olimpiada-item\" data-id=\"5545\">\n                        <div class=\"olimpiada-name\" style=\"color:#ffd02c;\">XV Olimpiada Geogr\u00e1fica de la Regi\u00f3n de Murcia (Regional) y V Olimpiada Geogr\u00e1fica Junior de la Regi\u00f3n de Murcia (Regional)<\/div>\n                        <div class=\"box-item\">\n                            <a href=\"https:\/\/olimpiadasrm.fseneca.es\/?olimpiadas=xv-olimpiada-geografica-de-la-region-de-murcia-regional-y-v-olimpiada-geografica-junior-de-la-region-de-murcia-regional\" class=\"botton-ficha\">Ver ficha<\/a>\n                        <\/div>\n                    <\/div><div class=\"olimpiada-item\" data-id=\"5554\">\n                        <div class=\"olimpiada-name\" style=\"color:#ffd02c;\">XVI Olimpiada de Econom\u00eda (2025)<\/div>\n                        <div class=\"box-item\">\n                            <a href=\"https:\/\/olimpiadasrm.fseneca.es\/?olimpiadas=xvi-olimpiada-de-economia-2025\" class=\"botton-ficha\">Ver ficha<\/a>\n                        <\/div>\n                    <\/div><div class=\"olimpiada-item\" data-id=\"5539\">\n                        <div class=\"olimpiada-name\" style=\"color:#ffd02c;\">XXI Olimpiada Ciencias de la Empresa<\/div>\n                        <div class=\"box-item\">\n                            <a href=\"https:\/\/olimpiadasrm.fseneca.es\/?olimpiadas=xxi-olimpiada-ciencias-de-la-empresa\" class=\"botton-ficha\">Ver ficha<\/a>\n                        <\/div>\n                    <\/div><div class=\"olimpiada-item\" data-id=\"5551\">\n                        <div class=\"olimpiada-name\" style=\"color:#ffd02c;\">XVIII Olimpiadas Lenguas Cl\u00e1sicas<\/div>\n                        <div class=\"box-item\">\n                            <a href=\"https:\/\/olimpiadasrm.fseneca.es\/?olimpiadas=xviii-olimpiadas-lenguas-clasicas\" class=\"botton-ficha\">Ver ficha<\/a>\n                        <\/div>\n                    <\/div><div class=\"olimpiada-item\" data-id=\"5543\">\n                        <div class=\"olimpiada-name\" style=\"color:#ffd02c;\">III Olimpiada Franc\u00f3fona de la Regi\u00f3n de Murcia<\/div>\n                        <div class=\"box-item\">\n                            <a href=\"https:\/\/olimpiadasrm.fseneca.es\/?olimpiadas=iii-olimpiada-francofona-de-la-region-de-murcia\" class=\"botton-ficha\">Ver ficha<\/a>\n                        <\/div>\n                    <\/div><div class=\"olimpiada-item\" data-id=\"5536\">\n                        <div class=\"olimpiada-name\" style=\"color:#ffd02c;\">VII Olimpiada Constitucional de la Regi\u00f3n de Murcia<\/div>\n                        <div class=\"box-item\">\n                            <a href=\"https:\/\/olimpiadasrm.fseneca.es\/?olimpiadas=vii-olimpiada-constitucional-de-la-region-de-murcia\" class=\"botton-ficha\">Ver ficha<\/a>\n                        <\/div>\n                    <\/div><\/div><h3 style=\"background:#d84459;\">\u00c1rea: Ingenier\u00edas y Arquitectura<\/h3><div class=\"wrapper-list-olimpidas\"><div class=\"olimpiada-item\" data-id=\"5542\">\n                        <div class=\"olimpiada-name\" style=\"color:#d84459;\">XVIII Olimpiada Inform\u00e1tica de la Regi\u00f3n de Murcia (OIRM 25)<\/div>\n                        <div class=\"box-item\">\n                            <a href=\"https:\/\/olimpiadasrm.fseneca.es\/?olimpiadas=xviii-olimpiada-informatica-de-la-region-de-murcia-oirm-25\" class=\"botton-ficha\">Ver ficha<\/a>\n                        <\/div>\n                    <\/div><div class=\"olimpiada-item\" data-id=\"5534\">\n                        <div class=\"olimpiada-name\" style=\"color:#d84459;\">Fase Regional de la Olimpiada Nacional de Ingenier\u00eda de Caminos, Canales y Puertos &#8211; Edici\u00f3n 2025<\/div>\n                        <div class=\"box-item\">\n                            <a href=\"https:\/\/olimpiadasrm.fseneca.es\/?olimpiadas=fase-regional-de-la-olimpiada-nacional-de-ingenieria-de-caminos-canales-y-puertos-edicion-2025\" class=\"botton-ficha\">Ver ficha<\/a>\n                        <\/div>\n                    <\/div><div class=\"olimpiada-item\" data-id=\"5548\">\n                        <div class=\"olimpiada-name\" style=\"color:#d84459;\">III Olimpiada Nacional de Telecomunicaciones<\/div>\n                        <div class=\"box-item\">\n                            <a href=\"https:\/\/olimpiadasrm.fseneca.es\/?olimpiadas=iii-olimpiada-nacional-de-telecomunicaciones\" class=\"botton-ficha\">Ver ficha<\/a>\n                        <\/div>\n                    <\/div><div class=\"olimpiada-item\" data-id=\"5540\">\n                        <div class=\"olimpiada-name\" style=\"color:#d84459;\">VIII Olimpiada de la Arquitectura de la Regi\u00f3n de Murcia. Make cool your school!<\/div>\n                        <div class=\"box-item\">\n                            <a href=\"https:\/\/olimpiadasrm.fseneca.es\/?olimpiadas=viii-olimpiada-de-la-arquitectura-de-la-region-de-murcia-make-cool-your-school\" class=\"botton-ficha\">Ver ficha<\/a>\n                        <\/div>\n                    <\/div><div class=\"olimpiada-item\" data-id=\"5547\">\n                        <div class=\"olimpiada-name\" style=\"color:#d84459;\">Olimpiadas Cient\u00edficas Tecnol\u00f3gicas UCAM 2025<\/div>\n                        <div class=\"box-item\">\n                            <a href=\"https:\/\/olimpiadasrm.fseneca.es\/?olimpiadas=olimpiadas-cientificas-tecnologicas-ucam-2025\" class=\"botton-ficha\">Ver ficha<\/a>\n                        <\/div>\n                    <\/div><\/div><h3 style=\"background:#00bde9;\">\u00c1rea: Talento Innovador<\/h3><div class=\"wrapper-list-olimpidas\"><div class=\"olimpiada-item\" data-id=\"5537\">\n                        <div class=\"olimpiada-name\" style=\"color:#00bde9;\">XV Olimpiada de Creatividad Regi\u00f3n de Murcia<\/div>\n                        <div class=\"box-item\">\n                            <a href=\"https:\/\/olimpiadasrm.fseneca.es\/?olimpiadas=xv-olimpiada-de-creatividad-region-de-murcia\" class=\"botton-ficha\">Ver ficha<\/a>\n                        <\/div>\n                    <\/div><\/div><\/div><\/div>\n\t\t\t\t<\/div>\n\t\t\t\t<\/div>\n\t\t\t\t\t<\/div>\n\t\t<\/div>\n\t\t\t\t\t<\/div>\n\t\t<\/section>\n\t\t\t\t<\/div>\n\t\t","protected":false},"excerpt":{"rendered":"<p>Ciencias experimentales Ciencias sociales, jur\u00eddicas y humanidades INGENIER\u00cdAS Y ARQUITECTURA Talento innovador<\/p>\n","protected":false},"author":1,"featured_media":0,"parent":0,"menu_order":0,"comment_status":"closed","ping_status":"closed","template":"","meta":{"_acf_changed":false,"footnotes":""},"acf":[],"aioseo_notices":[],"_links":{"self":[{"href":"https:\/\/olimpiadasrm.fseneca.es\/index.php?rest_route=\/wp\/v2\/pages\/319"}],"collection":[{"href":"https:\/\/olimpiadasrm.fseneca.es\/index.php?rest_route=\/wp\/v2\/pages"}],"about":[{"href":"https:\/\/olimpiadasrm.fseneca.es\/index.php?rest_route=\/wp\/v2\/types\/page"}],"author":[{"embeddable":true,"href":"https:\/\/olimpiadasrm.fseneca.es\/index.php?rest_route=\/wp\/v2\/users\/1"}],"replies":[{"embeddable":true,"href":"https:\/\/olimpiadasrm.fseneca.es\/index.php?rest_route=%2Fwp%2Fv2%2Fcomments&post=319"}],"version-history":[{"count":37,"href":"https:\/\/olimpiadasrm.fseneca.es\/index.php?rest_route=\/wp\/v2\/pages\/319\/revisions"}],"predecessor-version":[{"id":1816,"href":"https:\/\/olimpiadasrm.fseneca.es\/index.php?rest_route=\/wp\/v2\/pages\/319\/revisions\/1816"}],"wp:attachment":[{"href":"https:\/\/olimpiadasrm.fseneca.es\/index.php?rest_route=%2Fwp%2Fv2%2Fmedia&parent=319"}],"curies":[{"name":"wp","href":"https:\/\/api.w.org\/{rel}","templated":true}]}}